{"id":27,"date":"2021-01-31T22:04:58","date_gmt":"2021-01-31T21:04:58","guid":{"rendered":"https:\/\/elmawsili.com\/?page_id=27"},"modified":"2022-09-28T23:59:54","modified_gmt":"2022-09-28T21:59:54","slug":"lassociation","status":"publish","type":"page","link":"https:\/\/elmawsili.com\/index.php\/lassociation\/","title":{"rendered":"L&rsquo;association"},"content":{"rendered":"\t\t<div data-elementor-type=\"wp-page\" data-elementor-id=\"27\" class=\"elementor elementor-27\">\n\t\t\t\t\t\t\t\t\t<section class=\"elementor-section elementor-top-section elementor-element elementor-element-d63c9ec elementor-section-boxed elementor-section-height-default elementor-section-height-default\" data-id=\"d63c9ec\" data-element_type=\"section\">\n\t\t\t\t\t\t<div class=\"elementor-container elementor-column-gap-default\">\n\t\t\t\t\t<div class=\"elementor-column elementor-col-100 elementor-top-column elementor-element elementor-element-f6d78b7\" data-id=\"f6d78b7\" data-element_type=\"column\">\n\t\t\t<div class=\"elementor-widget-wrap elementor-element-populated\">\n\t\t\t\t\t\t\t\t<div class=\"elementor-element elementor-element-8881e3d elementor-widget elementor-widget-text-editor\" data-id=\"8881e3d\" data-element_type=\"widget\" data-widget_type=\"text-editor.default\">\n\t\t\t\t<div class=\"elementor-widget-container\">\n\t\t\t<style>\/*! elementor - v3.15.0 - 09-08-2023 *\/\n.elementor-widget-text-editor.elementor-drop-cap-view-stacked .elementor-drop-cap{background-color:#69727d;color:#fff}.elementor-widget-text-editor.elementor-drop-cap-view-framed .elementor-drop-cap{color:#69727d;border:3px solid;background-color:transparent}.elementor-widget-text-editor:not(.elementor-drop-cap-view-default) .elementor-drop-cap{margin-top:8px}.elementor-widget-text-editor:not(.elementor-drop-cap-view-default) .elementor-drop-cap-letter{width:1em;height:1em}.elementor-widget-text-editor .elementor-drop-cap{float:left;text-align:center;line-height:1;font-size:50px}.elementor-widget-text-editor .elementor-drop-cap-letter{display:inline-block}<\/style>\t\t\t\t<p>L&rsquo;\u00e9cole associative El Mawsili est n\u00e9e \u00e0 Saint-Denis en 1991 et s&rsquo;est donn\u00e9e pour mission, depuis sa cr\u00e9ation et \u00e0 ce jour, de travailler \u00e0 la d\u00e9couverte, la transmission et la diffusion de la musique classique Arabo-andalouse<\/p><p><br><\/p><p>Les valeurs incarn\u00e9es par les membres de l&rsquo;association (d\u00e9sint\u00e9ressement et humilit\u00e9 alli\u00e9s \u00e0 un haut niveau d&rsquo;exigence) ont permis de cr\u00e9er un projet d&rsquo;\u00e9ducation artistique et musicale unique en France et accessible \u00e0 toutes et tous.&nbsp;<\/p><p><br><\/p><p>La m\u00e9thode de transmission orale utilis\u00e9e dans les diff\u00e9rents ateliers (chant et instruments) permet ainsi aux enfants et aux adultes d&rsquo;apprendre les structures de la musique Arabo-andalouse et d&rsquo;acc\u00e9der \u00e0 son riche r\u00e9pertoire, facilement et de mani\u00e8re ludique.<\/p>\t\t\t\t\t\t<\/div>\n\t\t\t\t<\/div>\n\t\t\t\t\t<\/div>\n\t\t<\/div>\n\t\t\t\t\t\t\t<\/div>\n\t\t<\/section>\n\t\t\t\t\t\t\t<\/div>\n\t\t","protected":false},"excerpt":{"rendered":"<p>L&rsquo;\u00e9cole associative El Mawsili est n\u00e9e \u00e0 Saint-Denis en 1991 et s&rsquo;est donn\u00e9e pour mission, depuis sa cr\u00e9ation et \u00e0 ce jour, de travailler \u00e0 la d\u00e9couverte, la transmission et la diffusion de la musique classique Arabo-andalouse Les valeurs incarn\u00e9es par les membres de l&rsquo;association (d\u00e9sint\u00e9ressement et humilit\u00e9 alli\u00e9s \u00e0 un haut niveau d&rsquo;exigence) ont [&hellip;]<\/p>\n","protected":false},"author":1,"featured_media":0,"parent":0,"menu_order":0,"comment_status":"closed","ping_status":"closed","template":"","meta":{"footnotes":""},"_links":{"self":[{"href":"https:\/\/elmawsili.com\/index.php\/wp-json\/wp\/v2\/pages\/27"}],"collection":[{"href":"https:\/\/elmawsili.com\/index.php\/wp-json\/wp\/v2\/pages"}],"about":[{"href":"https:\/\/elmawsili.com\/index.php\/wp-json\/wp\/v2\/types\/page"}],"author":[{"embeddable":true,"href":"https:\/\/elmawsili.com\/index.php\/wp-json\/wp\/v2\/users\/1"}],"replies":[{"embeddable":true,"href":"https:\/\/elmawsili.com\/index.php\/wp-json\/wp\/v2\/comments?post=27"}],"version-history":[{"count":10,"href":"https:\/\/elmawsili.com\/index.php\/wp-json\/wp\/v2\/pages\/27\/revisions"}],"predecessor-version":[{"id":406,"href":"https:\/\/elmawsili.com\/index.php\/wp-json\/wp\/v2\/pages\/27\/revisions\/406"}],"wp:attachment":[{"href":"https:\/\/elmawsili.com\/index.php\/wp-json\/wp\/v2\/media?parent=27"}],"curies":[{"name":"wp","href":"https:\/\/api.w.org\/{rel}","templated":true}]}}